{"id":49988,"date":"2024-12-09T16:47:12","date_gmt":"2024-12-09T16:47:12","guid":{"rendered":"https:\/\/utel.mx\/blog\/?page_id=49988"},"modified":"2024-12-09T17:07:16","modified_gmt":"2024-12-09T17:07:16","slug":"revista-digital-v5","status":"publish","type":"page","link":"https:\/\/utel.mx\/blog\/revista-digital-v5\/","title":{"rendered":"Revista Digital V5"},"content":{"rendered":"\t\t<div data-elementor-type=\"wp-page\" data-elementor-id=\"49988\" class=\"elementor elementor-49988\">\n\t\t\t\t\t\t<section class=\"elementor-section elementor-top-section elementor-element elementor-element-4c3e610 elementor-section-boxed elementor-section-height-default elementor-section-height-default\" data-id=\"4c3e610\" data-element_type=\"section\">\n\t\t\t\t\t\t<div class=\"elementor-container elementor-column-gap-default\">\n\t\t\t\t\t<div class=\"elementor-column elementor-col-100 elementor-top-column elementor-element elementor-element-e5b9d71\" data-id=\"e5b9d71\" data-element_type=\"column\">\n\t\t\t<div class=\"elementor-widget-wrap elementor-element-populated\">\n\t\t\t\t\t\t<div class=\"elementor-element elementor-element-1879b43 elementor-widget elementor-widget-heading\" data-id=\"1879b43\" data-element_type=\"widget\" data-widget_type=\"heading.default\">\n\t\t\t\t<div class=\"elementor-widget-container\">\n\t\t\t\t\t<h1 class=\"elementor-heading-title elementor-size-default\"><span style=\"font-size:23pt;font-family:Arial,sans-serif;color:#000000;background-color:transparent;font-weight:700;font-style:normal;font-variant:normal;text-decoration:none;vertical-align:baseline\" id=\"docs-internal-guid-f33ae29f-7fff-b166-a7aa-035a4386b194\">Revista Utel Interactividad 5\u00b0 edici\u00f3n | Julio 2024<\/span><\/h1>\t\t\t\t<\/div>\n\t\t\t\t<\/div>\n\t\t\t\t\t<\/div>\n\t\t<\/div>\n\t\t\t\t\t<\/div>\n\t\t<\/section>\n\t\t\t\t<section class=\"elementor-section elementor-top-section elementor-element elementor-element-7556b34 elementor-section-boxed elementor-section-height-default elementor-section-height-default\" data-id=\"7556b34\" data-element_type=\"section\">\n\t\t\t\t\t\t<div class=\"elementor-container elementor-column-gap-default\">\n\t\t\t\t\t<div class=\"elementor-column elementor-col-100 elementor-top-column elementor-element elementor-element-789346d\" data-id=\"789346d\" data-element_type=\"column\">\n\t\t\t<div class=\"elementor-widget-wrap elementor-element-populated\">\n\t\t\t\t\t\t<div class=\"elementor-element elementor-element-6e1febd elementor-widget elementor-widget-text-editor\" data-id=\"6e1febd\" data-element_type=\"widget\" data-widget_type=\"text-editor.default\">\n\t\t\t\t<div class=\"elementor-widget-container\">\n\t\t\t\t\t\t\t\t\t<p>En esta quinta edici\u00f3n de la <b>Revista Interactividad,<\/b> presentamos las investigaciones de estudiantes y egresados de posgrado de Utel, quienes abordan temas de impacto social en las \u00e1reas de administraci\u00f3n, econom\u00eda y educaci\u00f3n. Esta entrega est\u00e1 llena de reflexiones sobre el papel de la sociedad, el impacto del teletrabajo y la educaci\u00f3n virtual as\u00ed como el uso de la inteligencia artificial en\u00a0 ex\u00e1menes automatizados.<\/p>\n<p>\u00bfTienes comentarios o sugerencias? Escr\u00edbenos a <a href=\"mailto:investigaci\u00f3n@utel.edu.mx\">investigaci\u00f3n@utel.edu.mx<\/a><\/p>\n<p>\u00a1Nos gustar\u00eda saber tu opini\u00f3n!<\/p>\t\t\t\t\t\t\t\t<\/div>\n\t\t\t\t<\/div>\n\t\t\t\t\t<\/div>\n\t\t<\/div>\n\t\t\t\t\t<\/div>\n\t\t<\/section>\n\t\t\t\t<section class=\"elementor-section elementor-top-section elementor-element elementor-element-09826c9 elementor-section-boxed elementor-section-height-default elementor-section-height-default\" data-id=\"09826c9\" data-element_type=\"section\">\n\t\t\t\t\t\t<div class=\"elementor-container elementor-column-gap-default\">\n\t\t\t\t\t<div class=\"elementor-column elementor-col-100 elementor-top-column elementor-element elementor-element-62b3ef6\" data-id=\"62b3ef6\" data-element_type=\"column\">\n\t\t\t<div class=\"elementor-widget-wrap elementor-element-populated\">\n\t\t\t\t\t\t<div class=\"elementor-element elementor-element-0d04961 elementor-widget elementor-widget-text-editor\" data-id=\"0d04961\" data-element_type=\"widget\" data-widget_type=\"text-editor.default\">\n\t\t\t\t<div class=\"elementor-widget-container\">\n\t\t\t\t\t\t\t\t\t<p><\/p>\n<p><code><div class=\"_df_book df-lite\" id=\"df_49983\"  _slug=\"revista-utel-interactividad-4a-edicion-abril-2024-2\" data-title=\"revista-utel-interactividad-5a-edicion-julio-diciembre-2024\" wpoptions=\"true\" thumb=\"https:\/\/utel.mx\/blog\/wp-content\/uploads\/2024\/12\/RevistaInteractividad_Vol5.jpg\" thumbtype=\"\" ><\/div><script class=\"df-shortcode-script\" nowprocket type=\"application\/javascript\">window.option_df_49983 = {\"outline\":[],\"backgroundColor\":\"ffffff\",\"autoEnableOutline\":\"false\",\"autoEnableThumbnail\":\"false\",\"overwritePDFOutline\":\"false\",\"direction\":\"1\",\"pageSize\":\"0\",\"source\":\"https:\\\/\\\/utel.mx\\\/blog\\\/wp-content\\\/uploads\\\/2024\\\/12\\\/RevistaInteractividad_Vol5_compressed.pdf\",\"wpOptions\":\"true\"}; if(window.DFLIP && window.DFLIP.parseBooks){window.DFLIP.parseBooks();}<\/script> <\/code><\/p>\n<p><\/p>\t\t\t\t\t\t\t\t<\/div>\n\t\t\t\t<\/div>\n\t\t\t\t\t<\/div>\n\t\t<\/div>\n\t\t\t\t\t<\/div>\n\t\t<\/section>\n\t\t\t\t<\/div>\n\t\t<div id=\"advads-3993732717\" class=\"advads-cta-lp-banner-form advads-entity-placement\"><a href=\"https:\/\/utel.mx\/blog\/admisiones-universidad-online\/?utm_source=blog&#038;utm_medium=CTAlink&#038;utm_campaign=MKTseo\" aria-label=\"Universidad en linea\"><img src=\"https:\/\/utel.mx\/blog\/wp-content\/uploads\/2025\/04\/universidad-en-linea-1.png\" alt=\"Universidad en linea\"  srcset=\"https:\/\/utel.mx\/blog\/wp-content\/uploads\/2025\/04\/universidad-en-linea-1.png 626w, https:\/\/utel.mx\/blog\/wp-content\/uploads\/2025\/04\/universidad-en-linea-1-420x168.png 420w\" sizes=\"(max-width: 626px) 100vw, 626px\" width=\"626\" height=\"250\"   \/><\/a><\/div>","protected":false},"excerpt":{"rendered":"<p> [&hellip;]<\/p>\n","protected":false},"author":69,"featured_media":0,"parent":0,"menu_order":0,"comment_status":"closed","ping_status":"closed","template":"elementor_header_footer","meta":{"_acf_changed":false,"site-sidebar-layout":"default","site-content-layout":"","ast-site-content-layout":"default","site-content-style":"default","site-sidebar-style":"default","ast-global-header-display":"","ast-banner-title-visibility":"","ast-main-header-display":"","ast-hfb-above-header-display":"","ast-hfb-below-header-display":"","ast-hfb-mobile-header-display":"","site-post-title":"","ast-breadcrumbs-content":"","ast-featured-img":"","footer-sml-layout":"","theme-transparent-header-meta":"","adv-header-id-meta":"","stick-header-meta":"","header-above-stick-meta":"","header-main-stick-meta":"","header-below-stick-meta":"","astra-migrate-meta-layouts":"set","ast-page-background-enabled":"default","ast-page-background-meta":{"desktop":{"background-color":"var(--ast-global-color-4)","background-image":"","background-repeat":"repeat","background-position":"center center","background-size":"auto","background-attachment":"scroll","background-type":"","background-media":"","overlay-type":"","overlay-color":"","overlay-gradient":""},"tablet":{"background-color":"","background-image":"","background-repeat":"repeat","background-position":"center center","background-size":"auto","background-attachment":"scroll","background-type":"","background-media":"","overlay-type":"","overlay-color":"","overlay-gradient":""},"mobile":{"background-color":"","background-image":"","background-repeat":"repeat","background-position":"center center","background-size":"auto","background-attachment":"scroll","background-type":"","background-media":"","overlay-type":"","overlay-color":"","overlay-gradient":""}},"ast-content-background-meta":{"desktop":{"background-color":"var(--ast-global-color-5)","background-image":"","background-repeat":"repeat","background-position":"center center","background-size":"auto","background-attachment":"scroll","background-type":"","background-media":"","overlay-type":"","overlay-color":"","overlay-gradient":""},"tablet":{"background-color":"var(--ast-global-color-5)","background-image":"","background-repeat":"repeat","background-position":"center center","background-size":"auto","background-attachment":"scroll","background-type":"","background-media":"","overlay-type":"","overlay-color":"","overlay-gradient":""},"mobile":{"background-color":"var(--ast-global-color-5)","background-image":"","background-repeat":"repeat","background-position":"center center","background-size":"auto","background-attachment":"scroll","background-type":"","background-media":"","overlay-type":"","overlay-color":"","overlay-gradient":""}},"footnotes":""},"class_list":["post-49988","page","type-page","status-publish","hentry"],"acf":[],"yoast_head":"<!-- This site is optimized with the Yoast SEO plugin v26.8 - https:\/\/yoast.com\/product\/yoast-seo-wordpress\/ -->\n<title>Revista Digital V5 - BLOG | Utel<\/title>\n<meta name=\"description\" content=\"En esta quinta edici\u00f3n de la Revista Interactividad, presentamos las investigaciones de estudiantes y egresados de posgrado de Utel, quienes abordan temas de impacto social en las \u00e1reas de administraci\u00f3n, econom\u00eda y educaci\u00f3n.\" \/>\n<meta name=\"robots\" content=\"index, follow, max-snippet:-1, max-image-preview:large, max-video-preview:-1\" \/>\n<link rel=\"canonical\" href=\"https:\/\/utel.mx\/blog\/revista-digital-v5\/\" \/>\n<meta property=\"og:locale\" content=\"es_ES\" \/>\n<meta property=\"og:type\" content=\"article\" \/>\n<meta property=\"og:title\" content=\"Revista Digital V5 - BLOG | Utel\" \/>\n<meta property=\"og:description\" content=\"En esta quinta edici\u00f3n de la Revista Interactividad, presentamos las investigaciones de estudiantes y egresados de posgrado de Utel, quienes abordan temas de impacto social en las \u00e1reas de administraci\u00f3n, econom\u00eda y educaci\u00f3n.\" \/>\n<meta property=\"og:url\" content=\"https:\/\/utel.mx\/blog\/revista-digital-v5\/\" \/>\n<meta property=\"og:site_name\" content=\"BLOG | Utel\" \/>\n<meta property=\"article:modified_time\" content=\"2024-12-09T17:07:16+00:00\" \/>\n<script type=\"application\/ld+json\" class=\"yoast-schema-graph\">{\"@context\":\"https:\/\/schema.org\",\"@graph\":[{\"@type\":\"WebPage\",\"@id\":\"https:\/\/utel.mx\/blog\/revista-digital-v5\/\",\"url\":\"https:\/\/utel.mx\/blog\/revista-digital-v5\/\",\"name\":\"Revista Digital V5 - BLOG | Utel\",\"isPartOf\":{\"@id\":\"https:\/\/utel.mx\/blog\/#website\"},\"datePublished\":\"2024-12-09T16:47:12+00:00\",\"dateModified\":\"2024-12-09T17:07:16+00:00\",\"description\":\"En esta quinta edici\u00f3n de la Revista Interactividad, presentamos las investigaciones de estudiantes y egresados de posgrado de Utel, quienes abordan temas de impacto social en las \u00e1reas de administraci\u00f3n, econom\u00eda y educaci\u00f3n.\",\"breadcrumb\":{\"@id\":\"https:\/\/utel.mx\/blog\/revista-digital-v5\/#breadcrumb\"},\"inLanguage\":\"es\",\"potentialAction\":[{\"@type\":\"ReadAction\",\"target\":[\"https:\/\/utel.mx\/blog\/revista-digital-v5\/\"]}]},{\"@type\":\"BreadcrumbList\",\"@id\":\"https:\/\/utel.mx\/blog\/revista-digital-v5\/#breadcrumb\",\"itemListElement\":[{\"@type\":\"ListItem\",\"position\":1,\"name\":\"Home\",\"item\":\"https:\/\/utel.mx\/blog\/\"},{\"@type\":\"ListItem\",\"position\":2,\"name\":\"Revista Digital V5\"}]},{\"@type\":\"WebSite\",\"@id\":\"https:\/\/utel.mx\/blog\/#website\",\"url\":\"https:\/\/utel.mx\/blog\/\",\"name\":\"BLOG | Utel\",\"description\":\"Blog UTEL Universidad en L\u00ednea\",\"publisher\":{\"@id\":\"https:\/\/utel.mx\/blog\/#organization\"},\"potentialAction\":[{\"@type\":\"SearchAction\",\"target\":{\"@type\":\"EntryPoint\",\"urlTemplate\":\"https:\/\/utel.mx\/blog\/?s={search_term_string}\"},\"query-input\":{\"@type\":\"PropertyValueSpecification\",\"valueRequired\":true,\"valueName\":\"search_term_string\"}}],\"inLanguage\":\"es\"},{\"@type\":\"Organization\",\"@id\":\"https:\/\/utel.mx\/blog\/#organization\",\"name\":\"BLOG | Utel\",\"url\":\"https:\/\/utel.mx\/blog\/\",\"logo\":{\"@type\":\"ImageObject\",\"inLanguage\":\"es\",\"@id\":\"https:\/\/utel.mx\/blog\/#\/schema\/logo\/image\/\",\"url\":\"https:\/\/utel.mx\/blog\/wp-content\/uploads\/2023\/03\/cropped-logo-blog.png\",\"contentUrl\":\"https:\/\/utel.mx\/blog\/wp-content\/uploads\/2023\/03\/cropped-logo-blog.png\",\"width\":237,\"height\":64,\"caption\":\"BLOG | Utel\"},\"image\":{\"@id\":\"https:\/\/utel.mx\/blog\/#\/schema\/logo\/image\/\"}}]}<\/script>\n<!-- \/ Yoast SEO plugin. -->","yoast_head_json":{"title":"Revista Digital V5 - BLOG | Utel","description":"En esta quinta edici\u00f3n de la Revista Interactividad, presentamos las investigaciones de estudiantes y egresados de posgrado de Utel, quienes abordan temas de impacto social en las \u00e1reas de administraci\u00f3n, econom\u00eda y educaci\u00f3n.","robots":{"index":"index","follow":"follow","max-snippet":"max-snippet:-1","max-image-preview":"max-image-preview:large","max-video-preview":"max-video-preview:-1"},"canonical":"https:\/\/utel.mx\/blog\/revista-digital-v5\/","og_locale":"es_ES","og_type":"article","og_title":"Revista Digital V5 - BLOG | Utel","og_description":"En esta quinta edici\u00f3n de la Revista Interactividad, presentamos las investigaciones de estudiantes y egresados de posgrado de Utel, quienes abordan temas de impacto social en las \u00e1reas de administraci\u00f3n, econom\u00eda y educaci\u00f3n.","og_url":"https:\/\/utel.mx\/blog\/revista-digital-v5\/","og_site_name":"BLOG | Utel","article_modified_time":"2024-12-09T17:07:16+00:00","schema":{"@context":"https:\/\/schema.org","@graph":[{"@type":"WebPage","@id":"https:\/\/utel.mx\/blog\/revista-digital-v5\/","url":"https:\/\/utel.mx\/blog\/revista-digital-v5\/","name":"Revista Digital V5 - BLOG | Utel","isPartOf":{"@id":"https:\/\/utel.mx\/blog\/#website"},"datePublished":"2024-12-09T16:47:12+00:00","dateModified":"2024-12-09T17:07:16+00:00","description":"En esta quinta edici\u00f3n de la Revista Interactividad, presentamos las investigaciones de estudiantes y egresados de posgrado de Utel, quienes abordan temas de impacto social en las \u00e1reas de administraci\u00f3n, econom\u00eda y educaci\u00f3n.","breadcrumb":{"@id":"https:\/\/utel.mx\/blog\/revista-digital-v5\/#breadcrumb"},"inLanguage":"es","potentialAction":[{"@type":"ReadAction","target":["https:\/\/utel.mx\/blog\/revista-digital-v5\/"]}]},{"@type":"BreadcrumbList","@id":"https:\/\/utel.mx\/blog\/revista-digital-v5\/#breadcrumb","itemListElement":[{"@type":"ListItem","position":1,"name":"Home","item":"https:\/\/utel.mx\/blog\/"},{"@type":"ListItem","position":2,"name":"Revista Digital V5"}]},{"@type":"WebSite","@id":"https:\/\/utel.mx\/blog\/#website","url":"https:\/\/utel.mx\/blog\/","name":"BLOG | Utel","description":"Blog UTEL Universidad en L\u00ednea","publisher":{"@id":"https:\/\/utel.mx\/blog\/#organization"},"potentialAction":[{"@type":"SearchAction","target":{"@type":"EntryPoint","urlTemplate":"https:\/\/utel.mx\/blog\/?s={search_term_string}"},"query-input":{"@type":"PropertyValueSpecification","valueRequired":true,"valueName":"search_term_string"}}],"inLanguage":"es"},{"@type":"Organization","@id":"https:\/\/utel.mx\/blog\/#organization","name":"BLOG | Utel","url":"https:\/\/utel.mx\/blog\/","logo":{"@type":"ImageObject","inLanguage":"es","@id":"https:\/\/utel.mx\/blog\/#\/schema\/logo\/image\/","url":"https:\/\/utel.mx\/blog\/wp-content\/uploads\/2023\/03\/cropped-logo-blog.png","contentUrl":"https:\/\/utel.mx\/blog\/wp-content\/uploads\/2023\/03\/cropped-logo-blog.png","width":237,"height":64,"caption":"BLOG | Utel"},"image":{"@id":"https:\/\/utel.mx\/blog\/#\/schema\/logo\/image\/"}}]}},"_links":{"self":[{"href":"https:\/\/utel.mx\/blog\/wp-json\/wp\/v2\/pages\/49988","targetHints":{"allow":["GET"]}}],"collection":[{"href":"https:\/\/utel.mx\/blog\/wp-json\/wp\/v2\/pages"}],"about":[{"href":"https:\/\/utel.mx\/blog\/wp-json\/wp\/v2\/types\/page"}],"author":[{"embeddable":true,"href":"https:\/\/utel.mx\/blog\/wp-json\/wp\/v2\/users\/69"}],"replies":[{"embeddable":true,"href":"https:\/\/utel.mx\/blog\/wp-json\/wp\/v2\/comments?post=49988"}],"version-history":[{"count":10,"href":"https:\/\/utel.mx\/blog\/wp-json\/wp\/v2\/pages\/49988\/revisions"}],"predecessor-version":[{"id":50005,"href":"https:\/\/utel.mx\/blog\/wp-json\/wp\/v2\/pages\/49988\/revisions\/50005"}],"wp:attachment":[{"href":"https:\/\/utel.mx\/blog\/wp-json\/wp\/v2\/media?parent=49988"}],"curies":[{"name":"wp","href":"https:\/\/api.w.org\/{rel}","templated":true}]}}